{"id":2,"date":"2020-06-19T12:53:36","date_gmt":"2020-06-19T12:53:36","guid":{"rendered":"http:\/\/eqyou.io\/?page_id=2"},"modified":"2021-03-23T09:37:11","modified_gmt":"2021-03-23T09:37:11","slug":"sample-page","status":"publish","type":"page","link":"https:\/\/eqyou.io\/?page_id=2","title":{"rendered":"Impressum"},"content":{"rendered":"\t\t<div data-elementor-type=\"wp-page\" data-elementor-id=\"2\" class=\"elementor elementor-2\" data-elementor-post-type=\"page\">\n\t\t\t\t\t\t<section data-particle_enable=\"false\" data-particle-mobile-disabled=\"false\" class=\"elementor-section elementor-top-section elementor-element elementor-element-bf993d6 elementor-section-content-middle elementor-section-boxed elementor-section-height-default elementor-section-height-default\" data-id=\"bf993d6\" data-element_type=\"section\">\n\t\t\t\t\t\t<div class=\"elementor-container elementor-column-gap-default\">\n\t\t\t\t\t<div class=\"elementor-column elementor-col-100 elementor-top-column elementor-element elementor-element-38cd848\" data-id=\"38cd848\" data-element_type=\"column\">\n\t\t\t<div class=\"elementor-widget-wrap elementor-element-populated\">\n\t\t\t\t\t\t<div class=\"elementor-element elementor-element-4ed7ff9 elementor-align-center elementor-widget elementor-widget-button\" data-id=\"4ed7ff9\" data-element_type=\"widget\" data-widget_type=\"button.default\">\n\t\t\t\t<div class=\"elementor-widget-container\">\n\t\t\t\t\t\t\t\t\t<div class=\"elementor-button-wrapper\">\n\t\t\t\t\t<a class=\"elementor-button elementor-button-link elementor-size-lg elementor-animation-grow\" href=\"http:\/\/eqyou.io\">\n\t\t\t\t\t\t<span class=\"elementor-button-content-wrapper\">\n\t\t\t\t\t\t<span class=\"elementor-button-icon\">\n\t\t\t\t<i aria-hidden=\"true\" class=\"fas fa-home\"><\/i>\t\t\t<\/span>\n\t\t\t\t\t\t\t\t\t<span class=\"elementor-button-text\">zur\u00fcck zur Homepage<\/span>\n\t\t\t\t\t<\/span>\n\t\t\t\t\t<\/a>\n\t\t\t\t<\/div>\n\t\t\t\t\t\t\t\t<\/div>\n\t\t\t\t<\/div>\n\t\t\t\t\t<\/div>\n\t\t<\/div>\n\t\t\t\t\t<\/div>\n\t\t<\/section>\n\t\t\t\t<section data-particle_enable=\"false\" data-particle-mobile-disabled=\"false\" class=\"elementor-section elementor-top-section elementor-element elementor-element-a6a852b elementor-section-boxed elementor-section-height-default elementor-section-height-default\" data-id=\"a6a852b\" data-element_type=\"section\">\n\t\t\t\t\t\t<div class=\"elementor-container elementor-column-gap-default\">\n\t\t\t\t\t<div class=\"elementor-column elementor-col-100 elementor-top-column elementor-element elementor-element-9a3d330\" data-id=\"9a3d330\" data-element_type=\"column\">\n\t\t\t<div class=\"elementor-widget-wrap elementor-element-populated\">\n\t\t\t\t\t\t<div class=\"elementor-element elementor-element-193e165f elementor-widget elementor-widget-text-editor\" data-id=\"193e165f\" data-element_type=\"widget\" data-widget_type=\"text-editor.default\">\n\t\t\t\t<div class=\"elementor-widget-container\">\n\t\t\t\t\t\t\t\t\t<div data-id=\"5078def\" data-element_type=\"widget\" data-widget_type=\"heading.default\"><div><h1 style=\"font-variant-ligatures: normal; font-variant-caps: normal; font-family: Roboto, sans-serif; font-style: normal;\">Impressum<\/h1><\/div><\/div><div data-id=\"4a2155e\" data-element_type=\"widget\" data-widget_type=\"text-editor.default\"><div><div><h5>Gesetzliche Anbieterkennung gem. \u00a7 5 TMG:<\/h5><p>Olymp.Services Bonne GmbH<br \/>Ulmenring 34<br \/>15517 F\u00fcrstenwalde<br \/>DEUTSCHLAND<\/p><p>Telefon: +49(0) 3361 155 3954<\/p><p>Email: andre.bonne@olymp.services<\/p><p>USt-IdNr.: DE 328 249 291<\/p><h5>HRB:<\/h5><p>Amtsgericht Frankfurt (Oder) 18445 FF<\/p><h5>Gesch\u00e4ftsf\u00fchrer:<\/h5><p>Andr\u00e9 Bonne<\/p><h5>Inhaltlich Verantwortlicher gem\u00e4\u00df \u00a7 55 RStV:<\/h5><p>Herr Andre Bonne \u2013 Ulmenring 34, 15517 F\u00fcrstenwalde, Deutschland<\/p><\/div><h5>Verbraucher Hinweise<\/h5><p>Verbraucher haben die M\u00f6glichkeit, Beschwerden an die Online-Streitbeilegungsplattform der EU zu richten:<br \/><a href=\"http:\/\/ec.europa.eu\/odr\" target=\"_blank\" rel=\"noopener noreferrer\">http:\/\/ec.europa.eu\/odr<\/a><\/p><p>Sie k\u00f6nnen allf\u00e4llige Beschwerde auch an die oben angegebene E-mail-Adresse richten.<\/p><p>Die <strong>Datenschutzerkl\u00e4rung<\/strong> finden Sie <a href=\"http:\/\/bonne.berlin\/?page_id=3\" target=\"_blank\" rel=\"noopener\">hier<\/a><\/p><\/div><h5>DISCLAIMER: Andre Bonne ist nicht verantwortlich f\u00fcr die Funktionalit\u00e4t und Inhalte externer Links.<\/h5><h5>Icon-Credits:<\/h5><div>Icons erstellt von <a title=\"Smashicons\" href=\"https:\/\/www.flaticon.com\/de\/autoren\/smashicons\" target=\"_blank\" rel=\"noopener\">Smashicons, <\/a><a title=\"Icon Pond\" href=\"https:\/\/www.flaticon.com\/de\/autoren\/popcorns-arts\" target=\"_blank\" rel=\"noopener\">Icon Pond<\/a>, <a title=\"Freepik\" href=\"https:\/\/www.flaticon.com\/de\/autoren\/freepik\" target=\"_blank\" rel=\"noopener\">Freepik, <\/a><a title=\"dmitri13\" href=\"https:\/\/www.flaticon.com\/de\/autoren\/dmitri13\" target=\"_blank\" rel=\"noopener\">dmitri13, <\/a><a title=\"catkuro\" href=\"https:\/\/www.flaticon.com\/de\/autoren\/catkuro\" target=\"_blank\" rel=\"noopener\">catkuro, <\/a><a title=\"surang\" href=\"https:\/\/www.flaticon.com\/de\/autoren\/surang\" target=\"_blank\" rel=\"noopener\">surang, <\/a><a title=\"wanicon\" href=\"https:\/\/www.flaticon.com\/de\/autoren\/wanicon\" target=\"_blank\" rel=\"noopener\">wanicon<\/a> from <a title=\"Flaticon\" href=\"https:\/\/www.flaticon.com\/de\/\" target=\"_blank\" rel=\"noopener\">www.flaticon.com<\/a><\/div><div>\u00a0<\/div><div><p style=\"margin-bottom: 0px; font: 400 13px 'Helvetica Neue'; color: #dca10d;\"><span style=\"color: #000000;\">Photo by <a href=\"https:\/\/unsplash.com\/@shootdelicious?utm_source=unsplash&amp;utm_medium=referral&amp;utm_content=creditCopyText\"><span style=\"text-decoration-line: underline;\">Eiliv-Sonas Aceron<\/span><\/a> on <a href=\"applewebdata:\/\/7D6D45E8-10E7-4F3E-AAA0-7DA963EBBDAD\/s\/photos\/breakfast?utm_source=unsplash&amp;utm_medium=referral&amp;utm_content=creditCopyText\"><span style=\"text-decoration-line: underline;\">Unsplash<\/span><\/a>\u00a0<\/span><\/p><p style=\"margin-bottom: 0px; font: 400 13px 'Helvetica Neue'; color: #dca10d;\"><span style=\"color: #000000;\">Photo by <a href=\"https:\/\/unsplash.com\/@kmallia77?utm_source=unsplash&amp;utm_medium=referral&amp;utm_content=creditCopyText\"><span style=\"text-decoration-line: underline;\">Kenneth Mallia<\/span><\/a> on <a href=\"applewebdata:\/\/F3308F01-5E09-4E54-909B-CE9F4C99D7ED\/s\/photos\/having-lunch?utm_source=unsplash&amp;utm_medium=referral&amp;utm_content=creditCopyText\"><span style=\"text-decoration-line: underline;\">Unsplash<\/span><\/a>\u00a0<\/span><\/p><p style=\"margin-bottom: 0px; font: 400 13px 'Helvetica Neue'; color: #dca10d;\"><span style=\"color: #000000;\">Photo by <a href=\"https:\/\/unsplash.com\/@bogzilla?utm_source=unsplash&amp;utm_medium=referral&amp;utm_content=creditCopyText\"><span style=\"text-decoration-line: underline;\">Alexandru-Bogdan Ghita<\/span><\/a> on <a href=\"applewebdata:\/\/9E8311C4-438D-4D41-80F2-96B5BAEBC201\/s\/photos\/ribs-meal?utm_source=unsplash&amp;utm_medium=referral&amp;utm_content=creditCopyText\"><span style=\"text-decoration-line: underline;\">Unsplash<\/span><\/a>\u00a0<\/span><\/p><\/div><\/div>\t\t\t\t\t\t\t\t<\/div>\n\t\t\t\t<\/div>\n\t\t\t\t\t<\/div>\n\t\t<\/div>\n\t\t\t\t\t<\/div>\n\t\t<\/section>\n\t\t\t\t<section data-particle_enable=\"false\" data-particle-mobile-disabled=\"false\" class=\"elementor-section elementor-top-section elementor-element elementor-element-309653f elementor-section-content-middle elementor-section-boxed elementor-section-height-default elementor-section-height-default\" data-id=\"309653f\" data-element_type=\"section\">\n\t\t\t\t\t\t<div class=\"elementor-container elementor-column-gap-default\">\n\t\t\t\t\t<div class=\"elementor-column elementor-col-100 elementor-top-column elementor-element elementor-element-eb84c43\" data-id=\"eb84c43\" data-element_type=\"column\">\n\t\t\t<div class=\"elementor-widget-wrap elementor-element-populated\">\n\t\t\t\t\t\t<div class=\"elementor-element elementor-element-ec94366 elementor-align-center elementor-widget elementor-widget-button\" data-id=\"ec94366\" data-element_type=\"widget\" data-widget_type=\"button.default\">\n\t\t\t\t<div class=\"elementor-widget-container\">\n\t\t\t\t\t\t\t\t\t<div class=\"elementor-button-wrapper\">\n\t\t\t\t\t<a class=\"elementor-button elementor-button-link elementor-size-lg elementor-animation-grow\" href=\"http:\/\/eqyou.io\">\n\t\t\t\t\t\t<span class=\"elementor-button-content-wrapper\">\n\t\t\t\t\t\t<span class=\"elementor-button-icon\">\n\t\t\t\t<i aria-hidden=\"true\" class=\"fas fa-home\"><\/i>\t\t\t<\/span>\n\t\t\t\t\t\t\t\t\t<span class=\"elementor-button-text\">zur\u00fcck zur Homepage<\/span>\n\t\t\t\t\t<\/span>\n\t\t\t\t\t<\/a>\n\t\t\t\t<\/div>\n\t\t\t\t\t\t\t\t<\/div>\n\t\t\t\t<\/div>\n\t\t\t\t\t<\/div>\n\t\t<\/div>\n\t\t\t\t\t<\/div>\n\t\t<\/section>\n\t\t\t\t<section data-particle_enable=\"false\" data-particle-mobile-disabled=\"false\" class=\"elementor-section elementor-top-section elementor-element elementor-element-ed48979 elementor-hidden-desktop elementor-hidden-tablet elementor-hidden-phone elementor-section-boxed elementor-section-height-default elementor-section-height-default\" data-id=\"ed48979\" data-element_type=\"section\">\n\t\t\t\t\t\t<div class=\"elementor-container elementor-column-gap-default\">\n\t\t\t\t\t<div class=\"elementor-column elementor-col-33 elementor-top-column elementor-element elementor-element-36a8388\" data-id=\"36a8388\" data-element_type=\"column\">\n\t\t\t<div class=\"elementor-widget-wrap elementor-element-populated\">\n\t\t\t\t\t\t<div class=\"elementor-element elementor-element-b2d30ed elementor-icon-list--layout-inline elementor-list-item-link-full_width elementor-widget elementor-widget-icon-list\" data-id=\"b2d30ed\" data-element_type=\"widget\" data-widget_type=\"icon-list.default\">\n\t\t\t\t<div class=\"elementor-widget-container\">\n\t\t\t\t\t\t\t<ul class=\"elementor-icon-list-items elementor-inline-items\">\n\t\t\t\t\t\t\t<li class=\"elementor-icon-list-item elementor-inline-item\">\n\t\t\t\t\t\t\t\t\t\t\t<a href=\"http:\/\/eqyou.io\/?page_id=2\">\n\n\t\t\t\t\t\t\t\t\t\t\t<span class=\"elementor-icon-list-text\">Impressum<\/span>\n\t\t\t\t\t\t\t\t\t\t\t<\/a>\n\t\t\t\t\t\t\t\t\t<\/li>\n\t\t\t\t\t\t\t\t<li class=\"elementor-icon-list-item elementor-inline-item\">\n\t\t\t\t\t\t\t\t\t\t\t<a href=\"http:\/\/eqyou.io\/?page_id=3\">\n\n\t\t\t\t\t\t\t\t\t\t\t<span class=\"elementor-icon-list-text\">Datenschutz-Bestimmungen<\/span>\n\t\t\t\t\t\t\t\t\t\t\t<\/a>\n\t\t\t\t\t\t\t\t\t<\/li>\n\t\t\t\t\t\t<\/ul>\n\t\t\t\t\t\t<\/div>\n\t\t\t\t<\/div>\n\t\t\t\t\t<\/div>\n\t\t<\/div>\n\t\t\t\t<div class=\"elementor-column elementor-col-33 elementor-top-column elementor-element elementor-element-88b8d41\" data-id=\"88b8d41\" data-element_type=\"column\">\n\t\t\t<div class=\"elementor-widget-wrap elementor-element-populated\">\n\t\t\t\t\t\t<div class=\"elementor-element elementor-element-254c863 elementor-align-center elementor-widget elementor-widget-button\" data-id=\"254c863\" data-element_type=\"widget\" data-widget_type=\"button.default\">\n\t\t\t\t<div class=\"elementor-widget-container\">\n\t\t\t\t\t\t\t\t\t<div class=\"elementor-button-wrapper\">\n\t\t\t\t\t<a class=\"elementor-button elementor-button-link elementor-size-sm elementor-animation-grow\" href=\"#\">\n\t\t\t\t\t\t<span class=\"elementor-button-content-wrapper\">\n\t\t\t\t\t\t<span class=\"elementor-button-icon\">\n\t\t\t\t<i aria-hidden=\"true\" class=\"fas fa-angle-up\"><\/i>\t\t\t<\/span>\n\t\t\t\t\t\t\t\t\t<span class=\"elementor-button-text\">Back to Top<\/span>\n\t\t\t\t\t<\/span>\n\t\t\t\t\t<\/a>\n\t\t\t\t<\/div>\n\t\t\t\t\t\t\t\t<\/div>\n\t\t\t\t<\/div>\n\t\t\t\t\t<\/div>\n\t\t<\/div>\n\t\t\t\t<div class=\"elementor-column elementor-col-33 elementor-top-column elementor-element elementor-element-e83ac08\" data-id=\"e83ac08\" data-element_type=\"column\">\n\t\t\t<div class=\"elementor-widget-wrap\">\n\t\t\t\t\t\t\t<\/div>\n\t\t<\/div>\n\t\t\t\t\t<\/div>\n\t\t<\/section>\n\t\t\t\t<\/div>\n\t\t","protected":false},"excerpt":{"rendered":"<p>zur\u00fcck zur Homepage Impressum Gesetzliche Anbieterkennung gem. \u00a7 5 TMG: Olymp.Services Bonne GmbHUlmenring 3415517 F\u00fcrstenwaldeDEUTSCHLAND Telefon: +49(0) 3361 155 3954 Email: andre.bonne@olymp.services USt-IdNr.: DE 328 249 291 HRB: Amtsgericht Frankfurt (Oder) 18445 FF Gesch\u00e4ftsf\u00fchrer: Andr\u00e9 Bonne Inhaltlich Verantwortlicher gem\u00e4\u00df \u00a7 55 RStV: Herr Andre Bonne \u2013 Ulmenring 34, 15517 F\u00fcrstenwalde, Deutschland Verbraucher Hinweise Verbraucher haben [&hellip;]<\/p>\n","protected":false},"author":1,"featured_media":0,"parent":0,"menu_order":0,"comment_status":"closed","ping_status":"open","template":"elementor_header_footer","meta":{"footnotes":""},"class_list":["post-2","page","type-page","status-publish","hentry","entry"],"_links":{"self":[{"href":"https:\/\/eqyou.io\/index.php?rest_route=\/wp\/v2\/pages\/2","targetHints":{"allow":["GET"]}}],"collection":[{"href":"https:\/\/eqyou.io\/index.php?rest_route=\/wp\/v2\/pages"}],"about":[{"href":"https:\/\/eqyou.io\/index.php?rest_route=\/wp\/v2\/types\/page"}],"author":[{"embeddable":true,"href":"https:\/\/eqyou.io\/index.php?rest_route=\/wp\/v2\/users\/1"}],"replies":[{"embeddable":true,"href":"https:\/\/eqyou.io\/index.php?rest_route=%2Fwp%2Fv2%2Fcomments&post=2"}],"version-history":[{"count":16,"href":"https:\/\/eqyou.io\/index.php?rest_route=\/wp\/v2\/pages\/2\/revisions"}],"predecessor-version":[{"id":267,"href":"https:\/\/eqyou.io\/index.php?rest_route=\/wp\/v2\/pages\/2\/revisions\/267"}],"wp:attachment":[{"href":"https:\/\/eqyou.io\/index.php?rest_route=%2Fwp%2Fv2%2Fmedia&parent=2"}],"curies":[{"name":"wp","href":"https:\/\/api.w.org\/{rel}","templated":true}]}}